{"id":27,"date":"2024-01-11T14:23:32","date_gmt":"2024-01-11T14:23:32","guid":{"rendered":"https:\/\/www.dibaco.de\/?page_id=27"},"modified":"2024-08-22T22:05:53","modified_gmt":"2024-08-22T22:05:53","slug":"partner","status":"publish","type":"page","link":"https:\/\/www.dibaco.de\/en\/partner\/","title":{"rendered":"Partners"},"content":{"rendered":"<div data-elementor-type=\"wp-page\" data-elementor-id=\"27\" class=\"elementor elementor-27\">\n\t\t\t\t\t\t\t<div class=\"elementor-element elementor-element-c1c26b8 e-grid e-con-boxed e-con e-parent\" data-id=\"c1c26b8\" data-element_type=\"container\">\r\n\t\t\t\t\t\t\t<div class=\"e-con-inner\">\r\n\t\t\t\t\t\t<div class=\"elementor-element elementor-element-bebefa7 elementor-widget elementor-widget-image\" data-id=\"bebefa7\" data-element_type=\"widget\" data-widget_type=\"image.default\">\n\t\t\t\t<div class=\"elementor-widget-container\">\n\t\t\t\t\t\t\t\t\t\t\t\t\t\t\t<img decoding=\"async\" width=\"194\" height=\"52\" src=\"https:\/\/www.dibaco.de\/wp-content\/uploads\/2024\/01\/Oracle.gif\" class=\"attachment-large size-large wp-image-33\" alt=\"\" \/>\t\t\t\t\t\t\t\t\t\t\t\t\t\t\t<\/div>\n\t\t\t\t<\/div>\n\t\t\t\t<div class=\"elementor-element elementor-element-604236f elementor-widget elementor-widget-text-editor\" data-id=\"604236f\" data-element_type=\"widget\" data-widget_type=\"text-editor.default\">\n\t\t\t\t<div class=\"elementor-widget-container\">\n\t\t\t\t\t\t\t\t\t<p class=\"has-medium-font-size\"><strong><span class=\"has-inline-color has-black-color\">Oracle <\/span><\/strong>\u00a0decades of partnership and experience with <strong>Oracle<\/strong> Databases<\/p>\t\t\t\t\t\t\t\t<\/div>\n\t\t\t\t<\/div>\n\t\t\t\t\t\t<\/div>\r\n\t\t\t\t\r\n\t\t\t<\/div>\r\n\t\t\t\t\t\t<div class=\"elementor-element elementor-element-a2e522a e-grid e-con-boxed e-con e-parent\" data-id=\"a2e522a\" data-element_type=\"container\">\r\n\t\t\t\t\t\t\t<div class=\"e-con-inner\">\r\n\t\t\t\t\t\t<div class=\"elementor-element elementor-element-ade3c0f elementor-widget elementor-widget-image\" data-id=\"ade3c0f\" data-element_type=\"widget\" data-widget_type=\"image.default\">\n\t\t\t\t<div class=\"elementor-widget-container\">\n\t\t\t\t\t\t\t\t\t\t\t\t\t\t\t<img decoding=\"async\" width=\"145\" height=\"65\" src=\"https:\/\/www.dibaco.de\/wp-content\/uploads\/2024\/01\/dbvisit.png\" class=\"attachment-large size-large wp-image-30\" alt=\"\" \/>\t\t\t\t\t\t\t\t\t\t\t\t\t\t\t<\/div>\n\t\t\t\t<\/div>\n\t\t\t\t<div class=\"elementor-element elementor-element-120e79d elementor-widget elementor-widget-text-editor\" data-id=\"120e79d\" data-element_type=\"widget\" data-widget_type=\"text-editor.default\">\n\t\t\t\t<div class=\"elementor-widget-container\">\n\t\t\t\t\t\t\t\t\t<p class=\"has-medium-font-size\"><strong><span class=\"has-inline-color has-black-color\">Dbvisit <\/span><\/strong>- cost-effective alternative for Oracle Data Guard especially for Oracle Standard Edition 2<\/p>\t\t\t\t\t\t\t\t<\/div>\n\t\t\t\t<\/div>\n\t\t\t\t\t\t<\/div>\r\n\t\t\t\t\r\n\t\t\t<\/div>\r\n\t\t\t\t\t\t<div class=\"elementor-element elementor-element-d0d553b e-grid e-con-boxed e-con e-parent\" data-id=\"d0d553b\" data-element_type=\"container\">\r\n\t\t\t\t\t\t\t<div class=\"e-con-inner\">\r\n\t\t\t\t\t\t<div class=\"elementor-element elementor-element-06b2147 elementor-widget elementor-widget-image\" data-id=\"06b2147\" data-element_type=\"widget\" data-widget_type=\"image.default\">\n\t\t\t\t<div class=\"elementor-widget-container\">\n\t\t\t\t\t\t\t\t\t\t\t\t\t\t\t<img decoding=\"async\" width=\"183\" height=\"52\" src=\"https:\/\/www.dibaco.de\/wp-content\/uploads\/2024\/01\/opennms.png\" class=\"attachment-large size-large wp-image-32\" alt=\"\" \/>\t\t\t\t\t\t\t\t\t\t\t\t\t\t\t<\/div>\n\t\t\t\t<\/div>\n\t\t\t\t<div class=\"elementor-element elementor-element-1a922c5 elementor-widget elementor-widget-text-editor\" data-id=\"1a922c5\" data-element_type=\"widget\" data-widget_type=\"text-editor.default\">\n\t\t\t\t<div class=\"elementor-widget-container\">\n\t\t\t\t\t\t\t\t\t<p class=\"has-medium-font-size\"><strong>OpenNMS<\/strong> - Open Source Enterprise Level IT Monitoring - Basis for DIBACO MISSION<\/p>\t\t\t\t\t\t\t\t<\/div>\n\t\t\t\t<\/div>\n\t\t\t\t\t\t<\/div>\r\n\t\t\t\t\r\n\t\t\t<\/div>\r\n\t\t\t\t\t\t<div class=\"elementor-element elementor-element-d0509b4 e-grid e-con-boxed e-con e-parent\" data-id=\"d0509b4\" data-element_type=\"container\">\r\n\t\t\t\t\t\t\t<div class=\"e-con-inner\">\r\n\t\t\t\t\t\t<div class=\"elementor-element elementor-element-16257de elementor-widget elementor-widget-image\" data-id=\"16257de\" data-element_type=\"widget\" data-widget_type=\"image.default\">\n\t\t\t\t<div class=\"elementor-widget-container\">\n\t\t\t\t\t\t\t\t\t\t\t\t\t\t\t<img loading=\"lazy\" decoding=\"async\" width=\"214\" height=\"212\" src=\"https:\/\/www.dibaco.de\/wp-content\/uploads\/2024\/01\/netitservices-logo-1.png\" class=\"attachment-large size-large wp-image-31\" alt=\"\" \/>\t\t\t\t\t\t\t\t\t\t\t\t\t\t\t<\/div>\n\t\t\t\t<\/div>\n\t\t\t\t<div class=\"elementor-element elementor-element-6299cc9 elementor-widget elementor-widget-text-editor\" data-id=\"6299cc9\" data-element_type=\"widget\" data-widget_type=\"text-editor.default\">\n\t\t\t\t<div class=\"elementor-widget-container\">\n\t\t\t\t\t\t\t\t\t<p class=\"has-medium-font-size\"><span class=\"has-inline-color has-black-color\"><strong>NetIT Services GmbH <\/strong><\/span>- our partner in Switzerland, with whom we master challenging Oracle consulting and migration projects<\/p>\t\t\t\t\t\t\t\t<\/div>\n\t\t\t\t<\/div>\n\t\t\t\t\t\t<\/div>\r\n\t\t\t\t\r\n\t\t\t<\/div>\r\n\t\t\t\t\t<\/div>","protected":false},"excerpt":{"rendered":"<p>Oracle \u00a0jahrzehntelange Partnerschaft und Erfahrung mit Oracle Datenbanken Dbvisit \u2013 kosteng\u00fcnstige Alternative f\u00fcr Oracle Data Guard insbesondere f\u00fcr Oracle Standard Edition 2 OpenNMS \u2013 Open Source Enterprise Level IT Monitoring \u2013 Basis f\u00fcr DIBACO MISSION NetIT Services GmbH \u2013 unser Partner in der Schweiz, mit dem wir herausfordernde Oracle Beratungs- und Migrationsprojekte meistern<\/p>","protected":false},"author":1,"featured_media":0,"parent":0,"menu_order":0,"comment_status":"closed","ping_status":"closed","template":"","meta":{"footnotes":""},"class_list":["post-27","page","type-page","status-publish","hentry"],"_links":{"self":[{"href":"https:\/\/www.dibaco.de\/en\/wp-json\/wp\/v2\/pages\/27","targetHints":{"allow":["GET"]}}],"collection":[{"href":"https:\/\/www.dibaco.de\/en\/wp-json\/wp\/v2\/pages"}],"about":[{"href":"https:\/\/www.dibaco.de\/en\/wp-json\/wp\/v2\/types\/page"}],"author":[{"embeddable":true,"href":"https:\/\/www.dibaco.de\/en\/wp-json\/wp\/v2\/users\/1"}],"replies":[{"embeddable":true,"href":"https:\/\/www.dibaco.de\/en\/wp-json\/wp\/v2\/comments?post=27"}],"version-history":[{"count":0,"href":"https:\/\/www.dibaco.de\/en\/wp-json\/wp\/v2\/pages\/27\/revisions"}],"wp:attachment":[{"href":"https:\/\/www.dibaco.de\/en\/wp-json\/wp\/v2\/media?parent=27"}],"curies":[{"name":"wp","href":"https:\/\/api.w.org\/{rel}","templated":true}]}}